{"id":136,"date":"2023-09-11T12:00:06","date_gmt":"2023-09-11T12:00:06","guid":{"rendered":"https:\/\/uranianoscw.group\/luescuelas\/?page_id=136"},"modified":"2023-09-11T12:07:40","modified_gmt":"2023-09-11T12:07:40","slug":"la-radio-un-camino-seguro-y-sin-peligros","status":"publish","type":"page","link":"https:\/\/uranianoscw.group\/luescuelas\/la-radio-un-camino-seguro-y-sin-peligros\/","title":{"rendered":"La Radio un Camino Seguro y sin Peligros"},"content":{"rendered":"\n<p class=\"has-text-align-center has-text-color has-medium-font-size\" style=\"color:#206cb2\">LA RADIO UN CAMINO SEGURO Y SIN PELIGROS es un Proyecto elaborado por Miembros del Grupo Argentino de CW (GACW), como una forma de contribuci\u00f3n a la comunidad de los Radioaficionados de habla Castellana.<\/p>\n\n\n\n<p class=\"has-text-align-center has-text-color has-medium-font-size\" style=\"color:#206cb2\">Es una idea con todos los derechos registrados y cedidos gratuitamente al GACW, con el objeto de que pueda ser utilizado y reproducido por cualquier persona o instituci\u00f3n sin fines de lucro, a fin de divulgar y promocionar las actividades de los Radioaficionados en todos los \u00e1mbitos adecuados, como Escuelas, Institutos, Organizaciones, Fundaciones, etc., con solo el requisito de no modificar su contenido y mencionar su origen.<\/p>\n\n\n\n<p class=\"has-text-align-center has-text-color has-medium-font-size\" style=\"color:#206cb2\">Fundamentos y Objetivos:<br><\/p>\n\n\n\n<p class=\"has-text-align-center has-text-color has-medium-font-size\" style=\"color:#206cb2\">Programa alternativo para encausar a los j\u00f3venes adolescentes y apartarlos de los males de las adicciones y otras desviaciones perniciosas de conducta.<\/p>\n\n\n\n<p class=\"has-text-align-center has-text-color has-medium-font-size\" style=\"color:#206cb2\">Despertar su inter\u00e9s y potencialidades mediante una actividad din\u00e1mica y apasionante.<\/p>\n\n\n\n<p class=\"has-text-align-center has-text-color has-medium-font-size\" style=\"color:#206cb2\">Aprovechar las Instituciones y guiarlos hacia una actividad sin fines de lucro pero que brinda colateralmente posibilidades de encarar una carrera profesional.<\/p>\n\n\n\n<p class=\"has-text-align-center has-text-color has-medium-font-size\" style=\"color:#206cb2\">Establecer un marco de supervisi\u00f3n y contenci\u00f3n indirecto pero eficiente.<\/p>\n\n\n\n<p class=\"has-text-align-center has-text-color has-medium-font-size\" style=\"color:#206cb2\">Iniciarlos en una actividad que demanda cierta disciplina, en tanto esta reglamentada por Convenios Internacionales que propenden al estudio, intercomunicaci\u00f3n, experimentaci\u00f3n, divulgaci\u00f3n y aprovechamiento de los resultados que de esta manera se obtengan, ya sea por el trabajo individual o colectivo.<\/p>\n\n\n\n<p class=\"has-text-align-center has-text-color has-medium-font-size\" style=\"color:#206cb2\">Brindarles la posibilidad de encararlo como un hobby-ciencia con una calidad de esparcimiento superlativa.<\/p>\n\n\n\n<p class=\"has-text-align-center has-text-color has-medium-font-size\" style=\"color:#206cb2\">Proveerles una formaci\u00f3n t\u00e9cnica pasible de servir como sustento a una Profesi\u00f3n hacia estudios superiores o una salida laboral.<br><\/p>\n\n\n\n<p class=\"has-text-align-center has-text-color has-medium-font-size\" style=\"color:#206cb2\"><strong><u>Participantes y asesores que trabajaron en la etapa fundacional del proyecto:<\/u><\/strong><\/p>\n\n\n\n<p class=\"has-text-align-center has-text-color has-medium-font-size\" style=\"color:#206cb2\">Jacobo Aisemberg LU2YA (SK)<\/p>\n\n\n\n<p class=\"has-text-align-center has-text-color has-medium-font-size\" style=\"color:#206cb2\">Jorge F. Vrsalovich LU7XP (SK)<\/p>\n\n\n\n<p class=\"has-text-align-center has-text-color has-medium-font-size\" style=\"color:#206cb2\">H\u00e9ctor Ombroni LU6UO<\/p>\n\n\n\n<p class=\"has-text-align-center has-text-color has-medium-font-size\" style=\"color:#206cb2\">Ra\u00fal M. D\u00edaz LU6EF<\/p>\n\n\n\n<p class=\"has-text-align-center has-text-color has-medium-font-size\" style=\"color:#206cb2\">Alberto U. Silva LU1DZ (SK)<\/p>\n\n\n\n<p class=\"has-text-align-center has-text-color has-medium-font-size\" style=\"color:#206cb2\">Arnoldo J. Coorda LU7EE (SK)<\/p>\n\n\n\n<p class=\"has-text-align-center has-text-color has-medium-font-size\" style=\"color:#206cb2\">Ricardo Esquivel LU4GL<\/p>\n\n\n\n<p class=\"has-text-align-center has-text-color has-medium-font-size\" style=\"color:#206cb2\">Juan A. Bulacio LU5JB<\/p>\n\n\n\n<p class=\"has-text-align-center has-text-color has-medium-font-size\" style=\"color:#206cb2\">Prof. Mar\u00eda Cristina Sardella<\/p>\n\n\n\n<p class=\"has-text-align-center has-text-color has-medium-font-size\" style=\"color:#206cb2\">Prof. Silvia Lo Tartaro.<\/p>\n\n\n\n<p class=\"has-text-align-center has-text-color has-medium-font-size\" style=\"color:#206cb2\">Prof. Mar\u00eda Teresa Durando<\/p>\n\n\n\n<p class=\"has-text-align-center has-text-color has-medium-font-size\" style=\"color:#206cb2\">Sr. Esteban Richar<\/p>\n\n\n\n<p class=\"has-text-align-center has-text-color has-medium-font-size\" style=\"color:#206cb2\">Ing. Oscar Ottone LU6EJW<\/p>\n\n\n\n<p class=\"has-text-align-center has-text-color has-medium-font-size\" style=\"color:#206cb2\">Sr. Gerardo Sigesmund<\/p>\n\n\n\n<p class=\"has-text-align-center has-text-color has-medium-font-size\" style=\"color:#206cb2\">Jean-Marc Idee F5SGI<\/p>\n\n\n\n<p class=\"has-text-align-center has-text-color has-medium-font-size\" style=\"color:#206cb2\">Sylvester F\u00f6cking DH4PB<\/p>\n\n\n\n<p class=\"has-text-align-center has-text-color has-medium-font-size\" style=\"color:#206cb2\">Rafael Godinho PY3AU<\/p>\n\n\n\n<div style=\"height:161px\" aria-hidden=\"true\" class=\"wp-block-spacer\"><\/div>\n","protected":false},"excerpt":{"rendered":"<p>LA RADIO UN CAMINO SEGURO Y SIN PELIGROS es un Proyecto elaborado por Miembros del Grupo Argentino de CW (GACW), como una forma de contribuci\u00f3n a la comunidad de los Radioaficionados de habla Castellana. Es una idea con todos los derechos registrados y cedidos gratuitamente al GACW, con el objeto de que pueda ser utilizado<\/p>\n<p><a href=\"https:\/\/uranianoscw.group\/luescuelas\/la-radio-un-camino-seguro-y-sin-peligros\/\" class=\"more-link themebutton\">Leer m\u00e1s<\/a><\/p>\n","protected":false},"author":2,"featured_media":0,"parent":0,"menu_order":0,"comment_status":"closed","ping_status":"closed","template":"","meta":{"footnotes":""},"class_list":["post-136","page","type-page","status-publish","hentry"],"_links":{"self":[{"href":"https:\/\/uranianoscw.group\/luescuelas\/wp-json\/wp\/v2\/pages\/136","targetHints":{"allow":["GET"]}}],"collection":[{"href":"https:\/\/uranianoscw.group\/luescuelas\/wp-json\/wp\/v2\/pages"}],"about":[{"href":"https:\/\/uranianoscw.group\/luescuelas\/wp-json\/wp\/v2\/types\/page"}],"author":[{"embeddable":true,"href":"https:\/\/uranianoscw.group\/luescuelas\/wp-json\/wp\/v2\/users\/2"}],"replies":[{"embeddable":true,"href":"https:\/\/uranianoscw.group\/luescuelas\/wp-json\/wp\/v2\/comments?post=136"}],"version-history":[{"count":5,"href":"https:\/\/uranianoscw.group\/luescuelas\/wp-json\/wp\/v2\/pages\/136\/revisions"}],"predecessor-version":[{"id":142,"href":"https:\/\/uranianoscw.group\/luescuelas\/wp-json\/wp\/v2\/pages\/136\/revisions\/142"}],"wp:attachment":[{"href":"https:\/\/uranianoscw.group\/luescuelas\/wp-json\/wp\/v2\/media?parent=136"}],"curies":[{"name":"wp","href":"https:\/\/api.w.org\/{rel}","templated":true}]}}