{"id":164,"date":"2023-09-12T11:23:26","date_gmt":"2023-09-12T11:23:26","guid":{"rendered":"https:\/\/uranianoscw.group\/luescuelas\/?page_id=164"},"modified":"2023-09-12T11:29:02","modified_gmt":"2023-09-12T11:29:02","slug":"visita-escuela-458-colonia-3-de-mayo","status":"publish","type":"page","link":"https:\/\/uranianoscw.group\/luescuelas\/visita-escuela-458-colonia-3-de-mayo\/","title":{"rendered":"Visita Escuela 458 &#8211; Colonia 3 de Mayo"},"content":{"rendered":"\n<p class=\"has-text-align-center has-text-color has-medium-font-size\" style=\"color:#206cb2\">La Escuela Nro. 458 Jap\u00f3n, esta ubicada a 7 Km. De la Localidad de Garuhape, Colonia 3 de Mayo, Misiones, sobre la Ruta Nacional Nro. 12 entre Posadas y Puerto Iguaz\u00fa.<\/p>\n\n\n\n<p class=\"has-text-align-center has-text-color has-medium-font-size\" style=\"color:#206cb2\">La Escuela cuenta con un plantel Docente compuesto por: la Directora, dos maestras y un maestro. La cantidad de alumnos que concurren habitualmente, si el estado de los caminos as\u00ed lo permiten, es de 47.<\/p>\n\n\n\n<p class=\"has-text-align-center has-text-color has-medium-font-size\" style=\"color:#206cb2\">Llegue a la Escuela a las 10:40 Hs., les expuse la idea a los Docentes y si bien ten\u00edamos poco tiempo, a las 11:20 Hs. ya pasan al comedor, comenc\u00e9 a armar la antena vertical e instalar el FT817.<\/p>\n\n\n\n<p class=\"has-text-align-center has-text-color has-medium-font-size\" style=\"color:#206cb2\">A las 10:50 Hs. comenzamos el QSO con Jorge, LU4DV\/H, desde Villa Carlos Paz, C\u00f3rdoba, quien estaba llamando en 20 metros, nosotros lo escuch\u00e1bamos muy bien, con se\u00f1ales 58 y el nos paso 56.<\/p>\n\n\n\n<p class=\"has-text-align-center has-text-color has-medium-font-size\" style=\"color:#206cb2\">Era emocionante ver las caritas de estos ni\u00f1os, mas de 30, al escuchar los saludos y comentarios de nuestro corresponsal desde tan lejos.<\/p>\n\n\n\n<p class=\"has-text-align-center has-text-color has-medium-font-size\" style=\"color:#206cb2\">Por supuesto que faltaba la prueba de fuego: intentar que alguno de los alumnos aunque sea intercambiara un saludo con Jorge, y ante mi sorpresa los anotados fueron dos: Celia y Gustavo.<\/p>\n\n\n\n<p class=\"has-text-align-center has-text-color has-medium-font-size\" style=\"color:#206cb2\">Ambos saludaron a Jorge, dijeron sus nombres y desde donde estaban transmitiendo, la atenci\u00f3n de LU4DV\/H fue admirable, luego de esto, ya cerca del horario del almuerzo de los ni\u00f1os dimos por finalizado el QSO, dando un cerrado aplauso para los peque\u00f1os que habian realizadop su \u00abBautismo Radial\u00bb.<\/p>\n\n\n\n<p class=\"has-text-align-center has-text-color has-medium-font-size\" style=\"color:#206cb2\">Como hab\u00edan visto en mi mochila el manipulador, obviamente me preguntaron para que servia, as\u00ed que nos trasladamos por cinco minutos a la parte baja de la banda e hicimos recepci\u00f3n de un comunicado en CW, d\u00e1ndoles una breve explicaci\u00f3n de dicho modo.<\/p>\n\n\n\n<p class=\"has-text-align-center has-text-color has-medium-font-size\" style=\"color:#206cb2\">Dos muestras de afecto y agradecimiento tuve por parte del alumnado y los Docentes: una breve carta escrita por uno de los chicos dando los detalles de la Escuela y agradeci\u00e9ndome la visita, y por otro lado la invitaci\u00f3n a compartir el almuerzo de ese dia, guiso de porotos, con ellos, que lamentablemente no pude aceptar por que tenia que seguir viajando y andaba corto de tiempo.<\/p>\n\n\n<div class=\"wp-block-image\">\n<figure class=\"aligncenter size-full is-resized\"><a href=\"https:\/\/uranianoscw.group\/luescuelas\/wp-content\/uploads\/2023\/09\/458.jpg\"><img loading=\"lazy\" decoding=\"async\" src=\"https:\/\/uranianoscw.group\/luescuelas\/wp-content\/uploads\/2023\/09\/458.jpg\" alt=\"\" class=\"wp-image-165\" style=\"object-fit:cover;width:400px;height:307px\" width=\"400\" height=\"307\"\/><\/a><\/figure>\n<\/div>\n\n\n<p class=\"has-text-align-center has-text-color has-medium-font-size\" style=\"color:#206cb2\">Realmente una gratificante experiencia, ahora hay mas de 30 chiquitos de la Colonia 3 de Mayo en Misiones que por lo menos saben que es un Radioaficionado, yo, me fui muy emocionado y con una sonrisa enorme.<\/p>\n\n\n\n<p class=\"has-text-align-center has-text-color has-medium-font-size\" style=\"color:#206cb2\">Solo me pidieron una cosa: que en el pr\u00f3ximo viaje les lleve una copia de la foto y que vaya con tiempo para almorzar con ellos, algo que sin duda har\u00e9.<\/p>\n","protected":false},"excerpt":{"rendered":"<p>La Escuela Nro. 458 Jap\u00f3n, esta ubicada a 7 Km. De la Localidad de Garuhape, Colonia 3 de Mayo, Misiones, sobre la Ruta Nacional Nro. 12 entre Posadas y Puerto Iguaz\u00fa. La Escuela cuenta con un plantel Docente compuesto por: la Directora, dos maestras y un maestro. La cantidad de alumnos que concurren habitualmente, si<\/p>\n<p><a href=\"https:\/\/uranianoscw.group\/luescuelas\/visita-escuela-458-colonia-3-de-mayo\/\" class=\"more-link themebutton\">Leer m\u00e1s<\/a><\/p>\n","protected":false},"author":2,"featured_media":0,"parent":0,"menu_order":0,"comment_status":"closed","ping_status":"closed","template":"","meta":{"footnotes":""},"class_list":["post-164","page","type-page","status-publish","hentry"],"_links":{"self":[{"href":"https:\/\/uranianoscw.group\/luescuelas\/wp-json\/wp\/v2\/pages\/164","targetHints":{"allow":["GET"]}}],"collection":[{"href":"https:\/\/uranianoscw.group\/luescuelas\/wp-json\/wp\/v2\/pages"}],"about":[{"href":"https:\/\/uranianoscw.group\/luescuelas\/wp-json\/wp\/v2\/types\/page"}],"author":[{"embeddable":true,"href":"https:\/\/uranianoscw.group\/luescuelas\/wp-json\/wp\/v2\/users\/2"}],"replies":[{"embeddable":true,"href":"https:\/\/uranianoscw.group\/luescuelas\/wp-json\/wp\/v2\/comments?post=164"}],"version-history":[{"count":2,"href":"https:\/\/uranianoscw.group\/luescuelas\/wp-json\/wp\/v2\/pages\/164\/revisions"}],"predecessor-version":[{"id":176,"href":"https:\/\/uranianoscw.group\/luescuelas\/wp-json\/wp\/v2\/pages\/164\/revisions\/176"}],"wp:attachment":[{"href":"https:\/\/uranianoscw.group\/luescuelas\/wp-json\/wp\/v2\/media?parent=164"}],"curies":[{"name":"wp","href":"https:\/\/api.w.org\/{rel}","templated":true}]}}