{"id":168,"date":"2023-09-12T11:26:51","date_gmt":"2023-09-12T11:26:51","guid":{"rendered":"https:\/\/uranianoscw.group\/luescuelas\/?page_id=168"},"modified":"2023-09-12T11:28:33","modified_gmt":"2023-09-12T11:28:33","slug":"visita-escuela-normal-superior-3-puerto-rico","status":"publish","type":"page","link":"https:\/\/uranianoscw.group\/luescuelas\/visita-escuela-normal-superior-3-puerto-rico\/","title":{"rendered":"Visita Escuela Normal Superior 3 &#8211; Puerto Rico"},"content":{"rendered":"\n<p class=\"has-text-align-center has-text-color has-medium-font-size\" style=\"color:#206cb2\">La Escuela Normal Superior Nro. 3 se encuentra en la Ciudad de Puerto Rico, ubicada a 140 km. De la Ciudad de Posadas sobre la Ruta Nac. 12 camino a Pto. Iguaz\u00fa.<\/p>\n\n\n\n<p class=\"has-text-align-center has-text-color has-medium-font-size\" style=\"color:#206cb2\">Una de las Maestras de 4to. Grado, la Sra. Susana Cuba, a su vez Directora de la Escuela 458 Jap\u00f3n, visitada anteriormente, me solicito si pod\u00eda realizar una visita a dicho Establecimiento, realizando esto el dia Mi\u00e9rcoles 17 de Mayo de 2006.<\/p>\n\n\n\n<p class=\"has-text-align-center has-text-color has-medium-font-size\" style=\"color:#206cb2\">La estaci\u00f3n portable la instale en la cancha donde los alumnos de la Escuela realizan gimnasia, utilice el FT 817 y la vertical, la banda elegida fue 20 metros.<\/p>\n\n\n\n<p class=\"has-text-align-center has-text-color has-medium-font-size\" style=\"color:#206cb2\">Establecimos QSO con Luis, Titular de LU9MAQ, de San Rafael-Mendoza, quien amablemente nos hizo compa\u00f1\u00eda por casi dos horas.<\/p>\n\n\n\n<p class=\"has-text-align-center has-text-color has-medium-font-size\" style=\"color:#206cb2\">Esta excelente predisposici\u00f3n de Luis hizo posible que alrededor de 40 chicos de los 66 que estaban presentes pudieran intercambiar saludos y comentarios con el colega. <\/p>\n\n\n<div class=\"wp-block-image\">\n<figure class=\"aligncenter size-full is-resized\"><a href=\"https:\/\/uranianoscw.group\/luescuelas\/wp-content\/uploads\/2023\/09\/normal3-2.jpg\"><img loading=\"lazy\" decoding=\"async\" src=\"https:\/\/uranianoscw.group\/luescuelas\/wp-content\/uploads\/2023\/09\/normal3-2.jpg\" alt=\"\" class=\"wp-image-172\" style=\"object-fit:cover;width:400px;height:293px\" width=\"400\" height=\"293\"\/><\/a><\/figure>\n<\/div>\n\n\n<p class=\"has-text-align-center has-text-color has-medium-font-size\" style=\"color:#206cb2\">Fueron tres 4tos. Grados los participantes, A, B y C, sus Maestras son Susana Cuba, Ursula Heymann y Mariela Gini,<\/p>\n\n\n\n<p class=\"has-text-align-center has-text-color has-medium-font-size\" style=\"color:#206cb2\">Previo al QSO con Luis, les hice un breve comentario de nuestra actividad, durante el mismo LU9MAQ les detallo las caracter\u00edsticas de la zona de San Rafael y lo mismo hicieron algunos de los alumnos sobre la Ciudad de Puerto Rico.<\/p>\n\n\n\n<p class=\"has-text-align-center has-text-color has-medium-font-size\" style=\"color:#206cb2\">El FT 817 fue atentamente inspeccionado por Agustin, un ni\u00f1o no vidente, quien me ametrallo a preguntas, y sobre el final le hice transmitir su nombre en CW, al tiempo que realice la entrega de un folleto del Proyecto \u00abLa Radio un Camino Seguro y sin Peligros\u00bb realizado por el GACW.<\/p>\n\n\n<div class=\"wp-block-image\">\n<figure class=\"aligncenter size-full is-resized\"><a href=\"https:\/\/uranianoscw.group\/luescuelas\/wp-content\/uploads\/2023\/09\/normal3-1.jpg\"><img decoding=\"async\" src=\"https:\/\/uranianoscw.group\/luescuelas\/wp-content\/uploads\/2023\/09\/normal3-1.jpg\" alt=\"\" class=\"wp-image-174\" style=\"width:400px\" width=\"400\" srcset=\"https:\/\/uranianoscw.group\/luescuelas\/wp-content\/uploads\/2023\/09\/normal3-1.jpg 640w, https:\/\/uranianoscw.group\/luescuelas\/wp-content\/uploads\/2023\/09\/normal3-1-300x225.jpg 300w\" sizes=\"(max-width: 640px) 100vw, 640px\" \/><\/a><\/figure>\n<\/div>\n\n\n<p class=\"has-text-align-center has-text-color has-medium-font-size\" style=\"color:#206cb2\">Una nueva y gratificante experiencia realizada en una Escuela, agradeciendo de mi parte a las Docentes, a Luis, LU9MAQ, y como digo siempre: especialmente a estos peque\u00f1os que me hicieron pasar un rato inolvidable.<\/p>\n\n\n\n<p class=\"has-text-align-center has-text-color has-medium-font-size\" style=\"color:#206cb2\"><br><\/p>\n","protected":false},"excerpt":{"rendered":"<p>La Escuela Normal Superior Nro. 3 se encuentra en la Ciudad de Puerto Rico, ubicada a 140 km. De la Ciudad de Posadas sobre la Ruta Nac. 12 camino a Pto. Iguaz\u00fa. Una de las Maestras de 4to. Grado, la Sra. Susana Cuba, a su vez Directora de la Escuela 458 Jap\u00f3n, visitada anteriormente, me<\/p>\n<p><a href=\"https:\/\/uranianoscw.group\/luescuelas\/visita-escuela-normal-superior-3-puerto-rico\/\" class=\"more-link themebutton\">Leer m\u00e1s<\/a><\/p>\n","protected":false},"author":2,"featured_media":0,"parent":0,"menu_order":0,"comment_status":"closed","ping_status":"closed","template":"","meta":{"footnotes":""},"class_list":["post-168","page","type-page","status-publish","hentry"],"_links":{"self":[{"href":"https:\/\/uranianoscw.group\/luescuelas\/wp-json\/wp\/v2\/pages\/168","targetHints":{"allow":["GET"]}}],"collection":[{"href":"https:\/\/uranianoscw.group\/luescuelas\/wp-json\/wp\/v2\/pages"}],"about":[{"href":"https:\/\/uranianoscw.group\/luescuelas\/wp-json\/wp\/v2\/types\/page"}],"author":[{"embeddable":true,"href":"https:\/\/uranianoscw.group\/luescuelas\/wp-json\/wp\/v2\/users\/2"}],"replies":[{"embeddable":true,"href":"https:\/\/uranianoscw.group\/luescuelas\/wp-json\/wp\/v2\/comments?post=168"}],"version-history":[{"count":5,"href":"https:\/\/uranianoscw.group\/luescuelas\/wp-json\/wp\/v2\/pages\/168\/revisions"}],"predecessor-version":[{"id":175,"href":"https:\/\/uranianoscw.group\/luescuelas\/wp-json\/wp\/v2\/pages\/168\/revisions\/175"}],"wp:attachment":[{"href":"https:\/\/uranianoscw.group\/luescuelas\/wp-json\/wp\/v2\/media?parent=168"}],"curies":[{"name":"wp","href":"https:\/\/api.w.org\/{rel}","templated":true}]}}