{"id":29,"date":"2023-09-10T13:15:31","date_gmt":"2023-09-10T13:15:31","guid":{"rendered":"https:\/\/uranianoscw.group\/luescuelas\/?page_id=29"},"modified":"2023-09-11T16:22:03","modified_gmt":"2023-09-11T16:22:03","slug":"mapa-visitas","status":"publish","type":"page","link":"https:\/\/uranianoscw.group\/luescuelas\/mapa-visitas\/","title":{"rendered":"Mapa Visitas"},"content":{"rendered":"\n<p class=\"has-text-align-center has-white-color has-text-color has-background has-medium-font-size\" style=\"background-color:#206cb2\">Locaciones en donde se llevaron a cabo Visitas entre los a\u00f1os 2006 y 2013<\/p>\n\n\n\n<p class=\"has-text-align-center has-text-color has-medium-font-size\" style=\"color:#206cb2\">Rep\u00fablica Argentina<\/p>\n\n\n<div class=\"wp-block-image is-style-default\">\n<figure class=\"aligncenter size-large is-resized\"><a href=\"https:\/\/uranianoscw.group\/luescuelas\/wp-content\/uploads\/2023\/09\/mapa-argentina-2-1.gif\"><img loading=\"lazy\" decoding=\"async\" src=\"https:\/\/uranianoscw.group\/luescuelas\/wp-content\/uploads\/2023\/09\/mapa-argentina-2-1-479x1024.gif\" alt=\"\" class=\"wp-image-34\" style=\"object-fit:contain;width:500px;height:691px\" width=\"500\" height=\"691\"\/><\/a><\/figure>\n<\/div>\n\n\n<div style=\"height:20px\" aria-hidden=\"true\" class=\"wp-block-spacer\"><\/div>\n\n\n\n<p class=\"has-text-align-center has-text-color has-medium-font-size\" style=\"color:#206cb2\">Rep\u00fablica Oriental del Uruguay<\/p>\n\n\n<div class=\"wp-block-image\">\n<figure class=\"aligncenter size-full is-resized\"><a href=\"https:\/\/uranianoscw.group\/luescuelas\/wp-content\/uploads\/2023\/09\/mapa-uruguay.gif\"><img decoding=\"async\" src=\"https:\/\/uranianoscw.group\/luescuelas\/wp-content\/uploads\/2023\/09\/mapa-uruguay.gif\" alt=\"\" class=\"wp-image-38\" style=\"width:400px\" width=\"400\"\/><\/a><\/figure>\n<\/div>\n\n\n<div style=\"height:20px\" aria-hidden=\"true\" class=\"wp-block-spacer\"><\/div>\n\n\n\n<p class=\"has-text-align-center has-text-color has-medium-font-size\" style=\"color:#206cb2\">Brasil<\/p>\n\n\n<div class=\"wp-block-image\">\n<figure class=\"aligncenter size-full is-resized\"><a href=\"https:\/\/uranianoscw.group\/luescuelas\/wp-content\/uploads\/2023\/09\/mapabrasil.gif\"><img decoding=\"async\" src=\"https:\/\/uranianoscw.group\/luescuelas\/wp-content\/uploads\/2023\/09\/mapabrasil.gif\" alt=\"\" class=\"wp-image-35\" style=\"width:400px\" width=\"400\"\/><\/a><\/figure>\n<\/div>\n\n\n<div style=\"height:21px\" aria-hidden=\"true\" class=\"wp-block-spacer\"><\/div>\n\n\n\n<p class=\"has-text-align-center has-text-color has-medium-font-size\" style=\"color:#206cb2\">Espa\u00f1a<\/p>\n\n\n<div class=\"wp-block-image\">\n<figure class=\"aligncenter size-full is-resized\"><a href=\"https:\/\/uranianoscw.group\/luescuelas\/wp-content\/uploads\/2023\/09\/mapa-espana.gif\"><img decoding=\"async\" src=\"https:\/\/uranianoscw.group\/luescuelas\/wp-content\/uploads\/2023\/09\/mapa-espana.gif\" alt=\"\" class=\"wp-image-37\" style=\"width:400px\" width=\"400\"\/><\/a><\/figure>\n<\/div>\n\n\n<div style=\"height:19px\" aria-hidden=\"true\" class=\"wp-block-spacer\"><\/div>\n\n\n\n<p class=\"has-text-align-center has-text-color has-medium-font-size\" style=\"color:#206cb2\"><strong>Referencias<\/strong><\/p>\n\n\n\n<p class=\"has-text-align-center has-text-color has-medium-font-size\" style=\"color:#206cb2\">1- Villa Angela &#8211; Prov. del Chaco<\/p>\n\n\n\n<p class=\"has-text-align-center has-text-color has-medium-font-size\" style=\"color:#206cb2\">2- Ciudad de Santa Fe &#8211; Prov. de Santa Fe<\/p>\n\n\n\n<p class=\"has-text-align-center has-text-color has-medium-font-size\" style=\"color:#206cb2\">3 &#8211; Ciudad de Santo Tome &#8211; Prov. de Santa Fe<\/p>\n\n\n\n<p class=\"has-text-align-center has-text-color has-medium-font-size\" style=\"color:#206cb2\">4 &#8211; Ciudad de Gualeguaych\u00fa &#8211; Prov. de Entre Rios<\/p>\n\n\n\n<p class=\"has-text-align-center has-text-color has-medium-font-size\" style=\"color:#206cb2\">5 &#8211; Ciudad de San Javier &#8211; Prov. de Santa Fe<\/p>\n\n\n\n<p class=\"has-text-align-center has-text-color has-medium-font-size\" style=\"color:#206cb2\">6 &#8211; Capital Federal &#8211; Prov. de Buenos Aires<\/p>\n\n\n\n<p class=\"has-text-align-center has-text-color has-medium-font-size\" style=\"color:#206cb2\">7 &#8211; San Fernando &#8211; Prov. de Buenos Aires<\/p>\n\n\n\n<p class=\"has-text-align-center has-text-color has-medium-font-size\" style=\"color:#206cb2\">8 &#8211; Arroyo Felicaria &#8211; Delta de San Fernando &#8211; Prov. de Buenos Aires<\/p>\n\n\n\n<p class=\"has-text-align-center has-text-color has-medium-font-size\" style=\"color:#206cb2\">9 &#8211; R\u00edo Paran\u00e1 Mini &#8211; Delta de San Fernando &#8211; Prov. de Buenos Aires<\/p>\n\n\n\n<p class=\"has-text-align-center has-text-color has-medium-font-size\" style=\"color:#206cb2\">10 &#8211; Ciudad de City Bell &#8211; Prov. de Buenos Aires<\/p>\n\n\n\n<p class=\"has-text-align-center has-text-color has-medium-font-size\" style=\"color:#206cb2\">11 &#8211; Ciudad de Lobos &#8211; Prov. de Buenos Aires<\/p>\n\n\n\n<p class=\"has-text-align-center has-text-color has-medium-font-size\" style=\"color:#206cb2\">12 &#8211; Ciudad de Gral. Pico &#8211; Prov. de La Pampa<\/p>\n\n\n\n<p class=\"has-text-align-center has-text-color has-medium-font-size\" style=\"color:#206cb2\">13 &#8211; Palma del R\u00edo &#8211; C\u00f3rdoba &#8211; Espa\u00f1a<\/p>\n\n\n\n<p class=\"has-text-align-center has-text-color has-medium-font-size\" style=\"color:#206cb2\">14 &#8211; Ciudad de Montevideo &#8211; Rep. Oriental del Uruguay<\/p>\n\n\n\n<p class=\"has-text-align-center has-text-color has-medium-font-size\" style=\"color:#206cb2\">15 &#8211; Villa Borgna &#8211; Prov. de La Pampa<\/p>\n\n\n\n<p class=\"has-text-align-center has-text-color has-medium-font-size\" style=\"color:#206cb2\">16 &#8211; Monte Vera &#8211; Prov. de Santa Fe<\/p>\n\n\n\n<p class=\"has-text-align-center has-text-color has-medium-font-size\" style=\"color:#206cb2\">17 &#8211; V\u00e9rtiz &#8211; La Pampa<\/p>\n\n\n\n<p class=\"has-text-align-center has-text-color has-medium-font-size\" style=\"color:#206cb2\">18 &#8211; Los Porte\u00f1os &#8211; Buenos Aires<\/p>\n\n\n\n<p class=\"has-text-align-center has-text-color has-medium-font-size\" style=\"color:#206cb2\">19 &#8211; Paraje Las Nutrias &#8211; Dpto. Canelones, Rep. Oriental del Uruguay<\/p>\n\n\n\n<p class=\"has-text-align-center has-text-color has-medium-font-size\" style=\"color:#206cb2\">20 &#8211; Morse &#8211; Prov. de Buenos Aires<\/p>\n\n\n\n<p class=\"has-text-align-center has-text-color has-medium-font-size\" style=\"color:#206cb2\">21 &#8211; Gral. Roca &#8211; Prov. de R\u00edo Negro<\/p>\n\n\n\n<p class=\"has-text-align-center has-text-color has-medium-font-size\" style=\"color:#206cb2\">22 &#8211; Agustoni &#8211; Prov. de La Pampa<\/p>\n\n\n\n<p class=\"has-text-align-center has-text-color has-medium-font-size\" style=\"color:#206cb2\">23 &#8211; M. B. Gonnet &#8211; Prov. de Buenos Aires<\/p>\n\n\n\n<p class=\"has-text-align-center has-text-color has-medium-font-size\" style=\"color:#206cb2\">24 &#8211; Posadas &#8211; Prov. de Misiones<\/p>\n\n\n\n<p class=\"has-text-align-center has-text-color has-medium-font-size\" style=\"color:#206cb2\">25 &#8211; Laguna Yacar\u00e9 &#8211; Prov. de Formosa<\/p>\n\n\n\n<p class=\"has-text-align-center has-text-color has-medium-font-size\" style=\"color:#206cb2\">26 &#8211; Trebolares &#8211; Prov. de La Pampa<\/p>\n\n\n\n<p class=\"has-text-align-center has-text-color has-medium-font-size\" style=\"color:#206cb2\">27 &#8211; Baradero &#8211; Prov. de Buenos Aires<\/p>\n\n\n\n<p class=\"has-text-align-center has-text-color has-medium-font-size\" style=\"color:#206cb2\">28 &#8211; Paysand\u00fa &#8211; Dpto. Paysand\u00fa, Rep. Oriental del Uruguay<\/p>\n\n\n\n<p class=\"has-text-align-center has-text-color has-medium-font-size\" style=\"color:#206cb2\">29 &#8211; San Luis &#8211; Prov. de San Luis<\/p>\n\n\n\n<p class=\"has-text-align-center has-text-color has-medium-font-size\" style=\"color:#206cb2\">30 &#8211; San Miguel &#8211; Prov. de Buenos Aires<\/p>\n\n\n\n<p class=\"has-text-align-center has-text-color has-medium-font-size\" style=\"color:#206cb2\">31 &#8211; Casa de Piedra &#8211; Prov. de La Pampa<\/p>\n\n\n\n<p class=\"has-text-align-center has-text-color has-medium-font-size\" style=\"color:#206cb2\">32 &#8211; San Carlos &#8211; Prov. de Corrientes<\/p>\n\n\n\n<p class=\"has-text-align-center has-text-color has-medium-font-size\" style=\"color:#206cb2\">33 &#8211; Speluzzi &#8211; Prov. de La Pampa<\/p>\n\n\n\n<p class=\"has-text-align-center has-text-color has-medium-font-size\" style=\"color:#206cb2\">34 &#8211; Ciudad de Gama &#8211; Brasilia D.F., Brasil<\/p>\n\n\n\n<p class=\"has-text-align-center has-text-color has-medium-font-size\" style=\"color:#206cb2\">35 &#8211; Aramendia &#8211; Dpto. Lavalleja, Rep. Oriental del Uruguay<\/p>\n\n\n\n<p class=\"has-text-align-center has-text-color has-medium-font-size\" style=\"color:#206cb2\">36 &#8211; Treinta y Tres &#8211; Dpto. Treinta y Tres, Rep. Oriental del Uruguay<\/p>\n\n\n\n<p class=\"has-text-align-center has-text-color has-medium-font-size\" style=\"color:#206cb2\">37 &#8211; Colonia Parada Leis &#8211; Prov. de Misiones<\/p>\n\n\n\n<p class=\"has-text-align-center has-text-color has-medium-font-size\" style=\"color:#206cb2\">38 &#8211; Ojeda &#8211; Prov. de La Pampa<\/p>\n\n\n\n<p class=\"has-text-align-center has-text-color has-medium-font-size\" style=\"color:#206cb2\">39 &#8211; Minas &#8211; Dpto. Lavalleja, Rep. Oriental del Uruguay<\/p>\n\n\n\n<p class=\"has-text-align-center has-text-color has-medium-font-size\" style=\"color:#206cb2\">40 &#8211; Mes\u00f3n de Fierro &#8211; Prov. del Chaco<\/p>\n\n\n\n<p class=\"has-text-align-center has-text-color has-medium-font-size\" style=\"color:#206cb2\">41 &#8211; Villa Dominico &#8211; Prov. de Buenos Aires<\/p>\n\n\n\n<p class=\"has-text-align-center has-text-color has-medium-font-size\" style=\"color:#206cb2\">42 &#8211; Los Polvorines &#8211; Prov. de Buenos Aires<\/p>\n\n\n\n<p class=\"has-text-align-center has-text-color has-medium-font-size\" style=\"color:#206cb2\">43 &#8211; J. P. Varela &#8211; Dpto. Lavalleja, Rep. Oriental del Uruguay<\/p>\n\n\n\n<p class=\"has-text-align-center has-text-color has-medium-font-size\" style=\"color:#206cb2\">44 &#8211; Ringuelet &#8211; Prov. de Buenos Aires<\/p>\n\n\n\n<p class=\"has-text-align-center has-text-color has-medium-font-size\" style=\"color:#206cb2\">45 &#8211; 25 de Mayo &#8211; Prov. de Buenos Aires<\/p>\n\n\n\n<p class=\"has-text-align-center has-text-color has-medium-font-size\" style=\"color:#206cb2\">46 &#8211; Berazategui &#8211; Prov. de Buenos Aires<\/p>\n\n\n\n<p class=\"has-text-align-center has-text-color has-medium-font-size\" style=\"color:#206cb2\">47 &#8211; Gorina &#8211; Prov. de Buenos Aires<\/p>\n\n\n\n<p class=\"has-text-align-center has-text-color has-medium-font-size\" style=\"color:#206cb2\">48 &#8211; Ap\u00f3stoles &#8211; Prov. de Misiones<\/p>\n\n\n\n<p class=\"has-text-align-center has-text-color has-medium-font-size\" style=\"color:#206cb2\">49 &#8211; Azara &#8211; Prov. de Misiones<\/p>\n\n\n\n<p class=\"has-text-align-center has-text-color has-medium-font-size\" style=\"color:#206cb2\">50 &#8211; Dorila &#8211; Prov. de La Pampa<\/p>\n\n\n\n<p class=\"has-text-align-center has-text-color has-medium-font-size\" style=\"color:#206cb2\">51 &#8211; C\u00f3rdoba &#8211; Prov. de C\u00f3rdoba<\/p>\n\n\n\n<p class=\"has-text-align-center has-text-color has-medium-font-size\" style=\"color:#206cb2\">52 &#8211; Brasilia &#8211; Brasil<\/p>\n\n\n\n<p class=\"has-text-align-center has-text-color has-medium-font-size\" style=\"color:#206cb2\">53 &#8211; Paraje Volc\u00e1n Vulpiani &#8211; San Luis<\/p>\n\n\n\n<p class=\"has-text-align-center has-text-color has-medium-font-size\" style=\"color:#206cb2\">54 &#8211; Paraje Puerto Azara &#8211; Misiones<\/p>\n\n\n\n<p class=\"has-text-align-center has-text-color has-medium-font-size\" style=\"color:#206cb2\">55 &#8211; Cruz Alta &#8211; C\u00f3rdoba<\/p>\n\n\n\n<p class=\"has-text-align-center has-text-color has-medium-font-size\" style=\"color:#206cb2\">56 &#8211; Ushuaia &#8211; Tierra del Fuego<\/p>\n\n\n\n<p class=\"has-text-align-center has-text-color has-medium-font-size\" style=\"color:#206cb2\">57 &#8211; Malabrigo &#8211; Prov. de Santa Fe<\/p>\n\n\n\n<p class=\"has-text-align-center has-text-color has-medium-font-size\" style=\"color:#206cb2\">58 &#8211; Ca\u00f1uelas &#8211; Prov. de Buenos Aires<\/p>\n\n\n\n<p class=\"has-text-align-center has-text-color has-medium-font-size\" style=\"color:#206cb2\">59 &#8211; Colonia Carlos Pellegrini &#8211; Corrientes<\/p>\n\n\n\n<p class=\"has-text-align-center has-text-color has-medium-font-size\" style=\"color:#206cb2\">60 &#8211; Metileo &#8211; Prov. de La Pampa<\/p>\n\n\n\n<p class=\"has-text-align-center has-text-color has-medium-font-size\" style=\"color:#206cb2\">61 &#8211; Zapiola &#8211; Prov. de Buenos Aires<\/p>\n\n\n\n<p class=\"has-text-align-center has-text-color has-medium-font-size\" style=\"color:#206cb2\">62 &#8211; Villa Mercedes &#8211; Prov. de San Luis<\/p>\n\n\n\n<p class=\"has-text-align-center has-text-color has-medium-font-size\" style=\"color:#206cb2\">63 &#8211; Campana &#8211; Prov. de Buenos Aires<\/p>\n\n\n\n<p class=\"has-text-align-center has-text-color has-medium-font-size\" style=\"color:#206cb2\">64 &#8211; Canal Alem (2\u00b0 Secci\u00f3n) Islas &#8211; Prov. de Buenos Aires<\/p>\n\n\n\n<p class=\"has-text-align-center has-text-color has-medium-font-size\" style=\"color:#206cb2\">65 &#8211; Colonia Profundidad &#8211; Prov. de Misiones<\/p>\n\n\n\n<p class=\"has-text-align-center has-text-color has-medium-font-size\" style=\"color:#206cb2\">66 &#8211; Paraje Naciente del Tuna &#8211; Prov. de Misiones<\/p>\n\n\n\n<p class=\"has-text-align-center has-text-color has-medium-font-size\" style=\"color:#206cb2\">67 &#8211; San Carlos de Bariloche &#8211; Prov. de R\u00edo Negro<\/p>\n\n\n\n<p class=\"has-text-align-center has-text-color has-medium-font-size\" style=\"color:#206cb2\">68 &#8211; Navarro &#8211; Prov. de Buenos Aires<\/p>\n\n\n\n<p class=\"has-text-align-center has-text-color has-medium-font-size\" style=\"color:#206cb2\">69 &#8211; Quilmes &#8211; Prov. de Buenos Aires<\/p>\n\n\n\n<p class=\"has-text-align-center has-text-color has-medium-font-size\" style=\"color:#206cb2\">70 &#8211; Roque P\u00e9rez &#8211; Prov. de Buenos Aires<\/p>\n\n\n\n<p class=\"has-text-align-center has-text-color has-medium-font-size\" style=\"color:#206cb2\">71 &#8211; Rosario &#8211; Prov. de Santa Fe<\/p>\n\n\n\n<p class=\"has-text-align-center has-text-color has-medium-font-size\" style=\"color:#206cb2\">72 &#8211; Paraje Ca\u00e1 Guaz\u00fa, Colonia Santa Mar\u00eda &#8211; Prov. de Misiones<\/p>\n\n\n\n<p class=\"has-text-align-center has-text-color has-medium-font-size\" style=\"color:#206cb2\">73 &#8211; Paraje Arroyo Tom\u00e1s &#8211; Prov. de Misiones<\/p>\n\n\n\n<p class=\"has-text-align-center has-text-color has-medium-font-size\" style=\"color:#206cb2\">74 &#8211; Santa Rosa &#8211; Prov. de La Pampa<\/p>\n\n\n\n<p class=\"has-text-align-center has-text-color has-medium-font-size\" style=\"color:#206cb2\">75 &#8211; Villa Ballester &#8211; Prov. de Buenos Aires<\/p>\n\n\n\n<p class=\"has-text-align-center has-text-color has-medium-font-size\" style=\"color:#206cb2\">76 &#8211; Villa Colon &#8211; Rep. Oriental del Uruguay<\/p>\n\n\n\n<p class=\"has-text-align-center has-text-color has-medium-font-size\" style=\"color:#206cb2\">77 &#8211; Concepci\u00f3n del Uruguay &#8211; Prov. de Entre Rios<\/p>\n\n\n\n<p class=\"has-text-align-center has-text-color has-medium-font-size\" style=\"color:#206cb2\">78 &#8211; Abasto &#8211; Prov. de Buenos Aires<\/p>\n\n\n\n<p class=\"has-text-align-center has-text-color has-medium-font-size\" style=\"color:#206cb2\">79 &#8211; Isla Las Palmas &#8211; Prov. de Santa Fe<\/p>\n\n\n\n<p class=\"has-text-align-center has-text-color has-medium-font-size\" style=\"color:#206cb2\">80 &#8211; Mercedes &#8211; Prov. de Buenos Aires<\/p>\n\n\n\n<div style=\"height:20px\" aria-hidden=\"true\" class=\"wp-block-spacer\"><\/div>\n\n\n\n<div style=\"height:133px\" aria-hidden=\"true\" class=\"wp-block-spacer\"><\/div>\n","protected":false},"excerpt":{"rendered":"<p>Locaciones en donde se llevaron a cabo Visitas entre los a\u00f1os 2006 y 2013 Rep\u00fablica Argentina Rep\u00fablica Oriental del Uruguay Brasil Espa\u00f1a Referencias 1- Villa Angela &#8211; Prov. del Chaco 2- Ciudad de Santa Fe &#8211; Prov. de Santa Fe 3 &#8211; Ciudad de Santo Tome &#8211; Prov. de Santa Fe 4 &#8211; Ciudad de<\/p>\n<p><a href=\"https:\/\/uranianoscw.group\/luescuelas\/mapa-visitas\/\" class=\"more-link themebutton\">Leer m\u00e1s<\/a><\/p>\n","protected":false},"author":2,"featured_media":0,"parent":0,"menu_order":0,"comment_status":"closed","ping_status":"closed","template":"","meta":{"footnotes":""},"class_list":["post-29","page","type-page","status-publish","hentry"],"_links":{"self":[{"href":"https:\/\/uranianoscw.group\/luescuelas\/wp-json\/wp\/v2\/pages\/29","targetHints":{"allow":["GET"]}}],"collection":[{"href":"https:\/\/uranianoscw.group\/luescuelas\/wp-json\/wp\/v2\/pages"}],"about":[{"href":"https:\/\/uranianoscw.group\/luescuelas\/wp-json\/wp\/v2\/types\/page"}],"author":[{"embeddable":true,"href":"https:\/\/uranianoscw.group\/luescuelas\/wp-json\/wp\/v2\/users\/2"}],"replies":[{"embeddable":true,"href":"https:\/\/uranianoscw.group\/luescuelas\/wp-json\/wp\/v2\/comments?post=29"}],"version-history":[{"count":19,"href":"https:\/\/uranianoscw.group\/luescuelas\/wp-json\/wp\/v2\/pages\/29\/revisions"}],"predecessor-version":[{"id":143,"href":"https:\/\/uranianoscw.group\/luescuelas\/wp-json\/wp\/v2\/pages\/29\/revisions\/143"}],"wp:attachment":[{"href":"https:\/\/uranianoscw.group\/luescuelas\/wp-json\/wp\/v2\/media?parent=29"}],"curies":[{"name":"wp","href":"https:\/\/api.w.org\/{rel}","templated":true}]}}