{"id":8,"date":"2023-09-10T12:06:07","date_gmt":"2023-09-10T12:06:07","guid":{"rendered":"https:\/\/uranianoscw.group\/luescuelas\/?page_id=8"},"modified":"2023-09-12T11:36:33","modified_gmt":"2023-09-12T11:36:33","slug":"inicio","status":"publish","type":"page","link":"https:\/\/uranianoscw.group\/luescuelas\/","title":{"rendered":"Inicio"},"content":{"rendered":"\n<hr class=\"wp-block-separator has-text-color has-alpha-channel-opacity has-background is-style-wide\" style=\"background-color:#206cb2;color:#206cb2\"\/>\n\n\n\n<p class=\"has-text-align-center has-text-color has-large-font-size\" style=\"color:#206cb2\">Grupo LU Escuelas<\/p>\n\n\n\n<p class=\"has-text-align-center has-text-color has-medium-font-size\" style=\"color:#206cb2\">Rese\u00f1a Hist\u00f3rica<\/p>\n\n\n\n<hr class=\"wp-block-separator has-text-color has-alpha-channel-opacity has-background is-style-wide\" style=\"background-color:#206cb2;color:#206cb2\"\/>\n\n\n\n<p class=\"has-text-align-center has-text-color has-medium-font-size\" style=\"color:#206cb2\">El Grupo LU Escuelas fue creado por LU5FZ &#8211; Gabriel Drago, el 26 de Agosto del a\u00f1o 2006, luego de haber llevado adelante dos experiencias de visitas a Escuelas: <a href=\"https:\/\/uranianoscw.group\/luescuelas\/visita-escuela-458-colonia-3-de-mayo\/\" data-type=\"page\" data-id=\"164\">Escuela Nro. 458 &#8211; Colonia 3 de Mayo<\/a> (26\/4\/2006) y <a href=\"https:\/\/uranianoscw.group\/luescuelas\/visita-escuela-normal-superior-3-puerto-rico\/\" data-type=\"page\" data-id=\"168\">Escuela Normal Superior Nro. 3 &#8211; Puerto Rico<\/a> (17\/5\/2006), ambas ubicadas en la Provincia de Misiones.<br>LU5FZ tom\u00f3 como referencia el Proyecto <a href=\"https:\/\/uranianoscw.group\/luescuelas\/la-radio-un-camino-seguro-y-sin-peligros\/\" data-type=\"page\" data-id=\"136\">\u00abLa Radio un Camino Seguro y sin Peligros\u00bb<\/a> adecu\u00e1ndolo, preferentemente, a visitas a Escuelas de Nivel Primario, e incorpor\u00e1ndole la instalaci\u00f3n, en los Establecimientos Educativos, de una estaci\u00f3n de Radio, para de \u00e9sta manera, permitirles a los Alumnos la posibilidad de llevar adelante un QSO, y que vivan en primera persona de una experiencia \u00fanica.<br>Invitamos a ustedes a visitar el Sitio Hist\u00f3rico de LU Escuelas y disfrutar de lo vivido entre los a\u00f1os 2006 al 2013.<br><\/p>\n\n\n\n<hr class=\"wp-block-separator has-text-color has-alpha-channel-opacity has-background is-style-wide\" style=\"background-color:#206cb2;color:#206cb2\"\/>\n\n\n\n<div class=\"wp-block-buttons is-content-justification-center is-layout-flex wp-container-core-buttons-is-layout-16018d1d wp-block-buttons-is-layout-flex\">\n<div class=\"wp-block-button has-custom-width wp-block-button__width-50 has-custom-font-size has-medium-font-size\"><a class=\"wp-block-button__link has-vivid-red-background-color has-background wp-element-button\" href=\"http:\/\/www.lu-escuelas.com.ar\" style=\"border-radius:8px\" target=\"_blank\" rel=\"noreferrer noopener\">VISITAR SITIO HIST\u00d3RICO<\/a><\/div>\n<\/div>\n\n\n\n<div style=\"height:15px\" aria-hidden=\"true\" class=\"wp-block-spacer\"><\/div>\n\n\n\n<hr class=\"wp-block-separator has-text-color has-alpha-channel-opacity has-background is-style-wide\" style=\"background-color:#206cb2;color:#206cb2\"\/>\n\n\n\n<div style=\"height:300px\" aria-hidden=\"true\" class=\"wp-block-spacer\"><\/div>\n","protected":false},"excerpt":{"rendered":"<p>Grupo LU Escuelas Rese\u00f1a Hist\u00f3rica El Grupo LU Escuelas fue creado por LU5FZ &#8211; Gabriel Drago, el 26 de Agosto del a\u00f1o 2006, luego de haber llevado adelante dos experiencias de visitas a Escuelas: Escuela Nro. 458 &#8211; Colonia 3 de Mayo (26\/4\/2006) y Escuela Normal Superior Nro. 3 &#8211; Puerto Rico (17\/5\/2006), ambas ubicadas<\/p>\n<p><a href=\"https:\/\/uranianoscw.group\/luescuelas\/\" class=\"more-link themebutton\">Leer m\u00e1s<\/a><\/p>\n","protected":false},"author":2,"featured_media":0,"parent":0,"menu_order":0,"comment_status":"closed","ping_status":"closed","template":"","meta":{"footnotes":""},"class_list":["post-8","page","type-page","status-publish","hentry"],"_links":{"self":[{"href":"https:\/\/uranianoscw.group\/luescuelas\/wp-json\/wp\/v2\/pages\/8","targetHints":{"allow":["GET"]}}],"collection":[{"href":"https:\/\/uranianoscw.group\/luescuelas\/wp-json\/wp\/v2\/pages"}],"about":[{"href":"https:\/\/uranianoscw.group\/luescuelas\/wp-json\/wp\/v2\/types\/page"}],"author":[{"embeddable":true,"href":"https:\/\/uranianoscw.group\/luescuelas\/wp-json\/wp\/v2\/users\/2"}],"replies":[{"embeddable":true,"href":"https:\/\/uranianoscw.group\/luescuelas\/wp-json\/wp\/v2\/comments?post=8"}],"version-history":[{"count":18,"href":"https:\/\/uranianoscw.group\/luescuelas\/wp-json\/wp\/v2\/pages\/8\/revisions"}],"predecessor-version":[{"id":178,"href":"https:\/\/uranianoscw.group\/luescuelas\/wp-json\/wp\/v2\/pages\/8\/revisions\/178"}],"wp:attachment":[{"href":"https:\/\/uranianoscw.group\/luescuelas\/wp-json\/wp\/v2\/media?parent=8"}],"curies":[{"name":"wp","href":"https:\/\/api.w.org\/{rel}","templated":true}]}}