{"id":99,"date":"2023-09-10T16:18:39","date_gmt":"2023-09-10T16:18:39","guid":{"rendered":"https:\/\/uranianoscw.group\/luescuelas\/?page_id=99"},"modified":"2023-09-10T16:23:42","modified_gmt":"2023-09-10T16:23:42","slug":"maximas-escueleras","status":"publish","type":"page","link":"https:\/\/uranianoscw.group\/luescuelas\/maximas-escueleras\/","title":{"rendered":"M\u00e1ximas Escueleras"},"content":{"rendered":"\n<p class=\"has-text-align-center has-text-color has-medium-font-size\" style=\"color:#206cb2\">&#8211; Ense\u00f1ar es como sembrar y nunca ver la cosecha y la m\u00e1s grande<br>satisfacci\u00f3n es haber hecho lo mejor posible porque amamos lo que hacemos, sin ninguna otra especulaci\u00f3n.<\/p>\n\n\n\n<p class=\"has-text-align-center has-text-color has-medium-font-size\" style=\"color:#206cb2\"><br>&#8211; La actividad del grupo LU-Escuelas es una Aventura Amorosa del Coraz\u00f3n, con el exclusivo objeto de difundir la Radioafici\u00f3n entre los ni\u00f1os.<\/p>\n\n\n\n<p class=\"has-text-align-center has-text-color has-medium-font-size\" style=\"color:#206cb2\"><br>&#8211; Los \u00fanicos actores de este proyecto son los ni\u00f1os y que sean solo sus ojos los que sirvan para marcarnos el \u00fanico camino posible para esta actividad por el bien com\u00fan.<\/p>\n\n\n\n<p class=\"has-text-align-center has-text-color has-medium-font-size\" style=\"color:#206cb2\"><br>&#8211; La Radioafici\u00f3n es un verdadero acto de magia, abierto a todos los ni\u00f1os que quieran experimentar el placer de los sue\u00f1os y las ilusiones, escribiendo los cap\u00edtulos de su propia aventura con las ondas de la radio.<\/p>\n\n\n\n<p class=\"has-text-align-center has-text-color has-medium-font-size\" style=\"color:#206cb2\"><br>&#8211; LU-Escuelas es una especie de&nbsp; \u00absello\u00bb identificatorio, pero que no esta fabricado en goma ni impreso en papel, esta entintado de manera indeleble en la mente y los corazones de sus integrantes.<\/p>\n\n\n\n<p class=\"has-text-align-center has-text-color has-medium-font-size\" style=\"color:#206cb2\"><br>&#8211; Ser Miembro de LU Escuelas no genera ning\u00fan compromiso mas que el de participar y cooperar de la mejor forma posible con las actividades y objetivos del Grupo.<\/p>\n\n\n\n<p class=\"has-text-align-center has-text-color has-medium-font-size\" style=\"color:#206cb2\"><br>&nbsp;&#8211; Si bien LU-Escuelas esta formado principalmente por Radioaficionados, lo que busca es ser un Grupo interdisciplinario, de manera que las puertas est\u00e1n abiertas a quienes no lo son pero que pueden aportar a este Proyecto su cooperaci\u00f3n y conocimientos.<\/p>\n\n\n\n<p class=\"has-text-align-center has-text-color has-medium-font-size\" style=\"color:#206cb2\"><br>&#8211; El personal Docente debe ocupar una posici\u00f3n destacada en las actividades en LU-Escuelas, por su profesi\u00f3n, dedicaci\u00f3n y experiencia, lo que sirve para aconsejar y delinear las acciones en los marcos sociales m\u00e1s adecuados y posibles.<\/p>\n\n\n\n<p class=\"has-text-align-center has-text-color has-medium-font-size\" style=\"color:#206cb2\"><br>&#8211; Los Radioclubes y otras organizaciones de radioaficionados ser\u00e1n tenidas en cuenta como una parte importante de las actividades de LU ESCUELAS.<\/p>\n\n\n\n<p class=\"has-text-align-center has-text-color has-medium-font-size\" style=\"color:#206cb2\">&#8211; Inculcar&nbsp;en los ni\u00f1os el concepto de que la Radioafici\u00f3n constituye una actividad educativa con orientaci\u00f3n&nbsp;a la t\u00e9cnica&nbsp;; y que en su ejercicio deber\u00e1n primar siempre el sentido solidario para con los dem\u00e1s,&nbsp; el esp\u00edritu de fair-play en las competencias y el respeto a las capacidades individuales de&nbsp;los participantes y evitando todo tipo de discriminaci\u00f3n \u00c9tnica, Social, Pol\u00edtica o Religiosa.<br>&nbsp;<\/p>\n\n\n\n<p class=\"has-text-align-center has-text-color has-medium-font-size\" style=\"color:#206cb2\">Grupo LU-Escuelas &#8211; Junio 2008<\/p>\n\n\n\n<div style=\"height:122px\" aria-hidden=\"true\" class=\"wp-block-spacer\"><\/div>\n","protected":false},"excerpt":{"rendered":"<p>&#8211; Ense\u00f1ar es como sembrar y nunca ver la cosecha y la m\u00e1s grandesatisfacci\u00f3n es haber hecho lo mejor posible porque amamos lo que hacemos, sin ninguna otra especulaci\u00f3n. &#8211; La actividad del grupo LU-Escuelas es una Aventura Amorosa del Coraz\u00f3n, con el exclusivo objeto de difundir la Radioafici\u00f3n entre los ni\u00f1os. &#8211; Los \u00fanicos<\/p>\n<p><a href=\"https:\/\/uranianoscw.group\/luescuelas\/maximas-escueleras\/\" class=\"more-link themebutton\">Leer m\u00e1s<\/a><\/p>\n","protected":false},"author":2,"featured_media":0,"parent":0,"menu_order":0,"comment_status":"closed","ping_status":"closed","template":"","meta":{"footnotes":""},"class_list":["post-99","page","type-page","status-publish","hentry"],"_links":{"self":[{"href":"https:\/\/uranianoscw.group\/luescuelas\/wp-json\/wp\/v2\/pages\/99","targetHints":{"allow":["GET"]}}],"collection":[{"href":"https:\/\/uranianoscw.group\/luescuelas\/wp-json\/wp\/v2\/pages"}],"about":[{"href":"https:\/\/uranianoscw.group\/luescuelas\/wp-json\/wp\/v2\/types\/page"}],"author":[{"embeddable":true,"href":"https:\/\/uranianoscw.group\/luescuelas\/wp-json\/wp\/v2\/users\/2"}],"replies":[{"embeddable":true,"href":"https:\/\/uranianoscw.group\/luescuelas\/wp-json\/wp\/v2\/comments?post=99"}],"version-history":[{"count":7,"href":"https:\/\/uranianoscw.group\/luescuelas\/wp-json\/wp\/v2\/pages\/99\/revisions"}],"predecessor-version":[{"id":108,"href":"https:\/\/uranianoscw.group\/luescuelas\/wp-json\/wp\/v2\/pages\/99\/revisions\/108"}],"wp:attachment":[{"href":"https:\/\/uranianoscw.group\/luescuelas\/wp-json\/wp\/v2\/media?parent=99"}],"curies":[{"name":"wp","href":"https:\/\/api.w.org\/{rel}","templated":true}]}}